{"id":1241,"date":"2022-03-30T09:55:43","date_gmt":"2022-03-30T09:55:43","guid":{"rendered":"https:\/\/de5patriciers.nl\/?page_id=1241"},"modified":"2025-03-14T11:11:28","modified_gmt":"2025-03-14T11:11:28","slug":"appartement-a-in-tiel","status":"publish","type":"page","link":"https:\/\/de5patriciers.nl\/index.php\/appartement-a-in-tiel\/","title":{"rendered":"Appartement A met  Maagdenhuisje (verkocht onder voorbehoud)"},"content":{"rendered":"\n<h6 class=\"wp-block-heading\">3 kamer appartement begane grond met aangesloten maisonnette, het voormalige &#8220;Maagdenhuisje&#8221;<\/h6>\n\n\n\n<p><strong>Koopprijs: \u20ac 569.000 k.k.<\/strong><\/p>\n\n\n\n<p><strong>Meerwerken reeds uitgevoerd:<\/strong><br>\u2022 Fineo vacu\u00fcmglas in de achtergevel (HR+++)<br>\u2022 Vloerverwarming in woonkamer, slaapkamer en keuken<br>\u2022 Plafond gefixeerd en hersteld<br>\u2022 Hardstenen trap en spatrand bij keuken<\/p>\n\n\n\n<p><strong>Prognose oplevering in mei 2023<\/strong><br><em>Uiteraard fijn om te weten wat u precies kunt verwachten. De oplevering van dit appartement staat momenteel gepland in mei 2023.<\/em><\/p>\n\n\n\n<p><strong>Appartement A geeft u, door haar geheel organische en logische verbondenheid met het voormalig Maagdenhuisje, de echte beleving van het rijke historische leven van een \u201cTielsche Patrici\u00ebr\u201d.<\/strong><\/p>\n\n\n\n<figure class=\"wp-block-image alignleft size-full is-resized\"><img loading=\"lazy\" decoding=\"async\" width=\"435\" height=\"408\" src=\"https:\/\/de5patriciers.nl\/wp-content\/uploads\/2022\/03\/plattegrond-appartement-A-maagdenhuis.jpg\" alt=\"\" class=\"wp-image-1252\" style=\"width:231px;height:217px\" srcset=\"https:\/\/de5patriciers.nl\/wp-content\/uploads\/2022\/03\/plattegrond-appartement-A-maagdenhuis.jpg 435w, https:\/\/de5patriciers.nl\/wp-content\/uploads\/2022\/03\/plattegrond-appartement-A-maagdenhuis-300x281.jpg 300w\" sizes=\"auto, (max-width: 435px) 100vw, 435px\" \/><figcaption class=\"wp-element-caption\"><strong>Appartement A met Maagdenhuisje<\/strong><\/figcaption><\/figure>\n\n\n\n<p style=\"font-size:16px\"><strong>Indeling<\/strong>: Na binnenkomst in de ruime centrale hal van \u201cDe 5 Patrici\u00ebrs&#8221; bevindt zich links naast de monumentale trap de voordeur van dit grote appartement van ruim 125 m2. Als u de eigen voordeur bent gepasseerd komt u in de private hal met origineel marmeren vloer. Deze ruimte biedt toegang naar de woonkamer, de keuken, de hoofd- slaapkamer, de toiletruimte en de badkamer.<br>De woonkamer heeft een rijk versierd plafond en een authentieke hardstenen schouw. De originele glazen schuifdeuren bieden ruim zicht op de Ambtmanstuin en het romantisch overdekte terras. De vroegere toegangsdeur is behouden gebleven echter brand- en geluidwerend gemaakt.<br>De slaapkamer op de begane grond is zeer stijlvol dankzij de hoge ramen en ornamenten op het plafond. Deze ruimte wordt voorzien van gesloten \u201cachterzet- ramen\u201d die tocht en geluidsoverlast van de straat grotendeels tegen houden; de ruimte wordt mechanisch geventileerd. De vroegere toegangsdeur gaat dienst doen als centrale meterkast en zal aan de zijde van de slaap- kamer geluid- en brandwerend afgewerkt worden en voorzien van een vaste kast.<\/p>\n\n\n\n<p style=\"font-size:16px\">De toegang van de badkamer bevindt zich in de hal tussen woonkamer en slaapkamer. Deze wordt uitgevoerd met een dubbele wastafel en een inloopdouche. De ruimte wordt mechanisch geventileerd en krijgt daglicht via een bestaand raam met ondoorzichtig glas in de achtergevel. De separate toilet is gesitueerd op het einde van de gang, naast de toegang naar de keuken.<br>Ook deze wordt mechanisch geventileerd.<\/p>\n\n\n\n<h6 class=\"wp-block-heading\">Begane grond voormalig Maagdenhuisje<\/h6>\n\n\n\n<p style=\"font-size:16px\">In vroegere tijden hadden de Patrici\u00ebrs van Tiel een aparte keuken met verblijf voor personeel: het voormalig \u201cMaagdenhuisje\u201d. Deze is door de eeuwen heen gemoderniseerd maar mooi in stand gehouden. Ook nu wordt het ge\u00efntegreerd met appartement A, waardoor dit appartement een bijzonder karakter krijgt.<\/p>\n\n\n\n<p style=\"font-size:16px\">Op de begane grond van het Maagdenhuisje is een ruime woonkeuken gesitueerd, die behalve een keukenblok ook ruimte kan bieden aan een eettafel voor 6 tot 8 personen. De bestaande schouw is eventueel bruikbaar te maken voor het plaatsen van een groot fornuis<br>of cooker. In dat geval dient nog wel een inwendig rookkanaal te worden geplaatst als kopers wens, in de bestaande schoorsteen.<br>Het originele balkenplafond en de houten rabatdelen geven de woonkeuken een authentieke uitstraling en ook de reeds genoemde grote schouw draagt daartoe bij. In de trapkast bevindt een afgesloten meterkast en de installatie van de keukenvloer-verwarming; de trapkast is tevens bruikbaar voor (keuken)voorraad. De authentieke trap naar de slaap-\/werkkamer\/atelier op de eerste verdieping bevindt zich eveneens achter een<br>authentieke rabatdelen deur.<\/p>\n\n\n\n<p style=\"font-size:16px\">De bestaande tuindeur in de keuken biedt via een aantal traptreden ruimte aan een privaat terras op tuinniveau met een vrije uitloop naar de prachtige Ambtmanstuin; vanwege haar ligging op het zuiden heerlijk voor een ontbijtje of lunch in de zon.<\/p>\n\n\n\n<h6 class=\"wp-block-heading\">1e verdieping voormalig Maagdenhuisje<\/h6>\n\n\n\n<p>Via de romantische houten trap die zich bevindt achter de kralenplanken wand in de keuken komt u uit op de eerste verdieping en waant u zich terug in de tijd. Onder de eeuwenoude houten spanten en de fraaie dakconstructie bevindt zich een opmerkelijk grote en lichte kamer die te gebruiken is als hobbykamer, slaapkamer, werkkamer of wat u maar wilt. Er is zelfs voldoende ruimte om een tweede badkamer te realiseren als meerwerk-optie, waarbij nog voldoende ruimte over blijft voor de inrichting van een sfeervolle \u00e9\u00e9n- of tweepersoons (logeer)kamer.<br>De kap is ge\u00efsoleerd uitgevoerd en de ruimte wordt verwarmd door nieuwe radiatoren, die een behaaglijke temperatuur kunnen halen.<br>De twee bestaande dakramen zijn voorzien van dubbel glas en hebben een ventilatie-stand ter beluchting van de ruimte.<br>De ruimteafwerking wordt u aangeboden in de staat waarin deze zich momenteel bevindt. Wel zullen er op een aantal logische plaatsen nog wandcontactdozen worden toegevoegd.<br><\/p>\n\n\n\n<figure class=\"wp-block-image aligncenter size-large is-resized\"><img loading=\"lazy\" decoding=\"async\" width=\"736\" height=\"1024\" src=\"https:\/\/de5patriciers.nl\/wp-content\/uploads\/2023\/06\/Beganegrond-9a-Aangepast-in-Juni-2023-736x1024.jpg\" alt=\"\" class=\"wp-image-1725\" style=\"width:625px;height:870px\" srcset=\"https:\/\/de5patriciers.nl\/wp-content\/uploads\/2023\/06\/Beganegrond-9a-Aangepast-in-Juni-2023-736x1024.jpg 736w, https:\/\/de5patriciers.nl\/wp-content\/uploads\/2023\/06\/Beganegrond-9a-Aangepast-in-Juni-2023-216x300.jpg 216w, https:\/\/de5patriciers.nl\/wp-content\/uploads\/2023\/06\/Beganegrond-9a-Aangepast-in-Juni-2023-768x1068.jpg 768w, https:\/\/de5patriciers.nl\/wp-content\/uploads\/2023\/06\/Beganegrond-9a-Aangepast-in-Juni-2023.jpg 812w\" sizes=\"auto, (max-width: 736px) 100vw, 736px\" \/><\/figure>\n\n\n\n<figure class=\"wp-block-gallery has-nested-images columns-default is-cropped wp-block-gallery-1 is-layout-flex wp-block-gallery-is-layout-flex\">\n<figure class=\"wp-block-image size-large\"><img loading=\"lazy\" decoding=\"async\" width=\"959\" height=\"924\" data-id=\"1244\" src=\"https:\/\/de5patriciers.nl\/wp-content\/uploads\/2022\/03\/1e-verdiep-maagdenhuisje.jpg\" alt=\"\" class=\"wp-image-1244\" srcset=\"https:\/\/de5patriciers.nl\/wp-content\/uploads\/2022\/03\/1e-verdiep-maagdenhuisje.jpg 959w, https:\/\/de5patriciers.nl\/wp-content\/uploads\/2022\/03\/1e-verdiep-maagdenhuisje-300x289.jpg 300w, https:\/\/de5patriciers.nl\/wp-content\/uploads\/2022\/03\/1e-verdiep-maagdenhuisje-768x740.jpg 768w\" sizes=\"auto, (max-width: 959px) 100vw, 959px\" \/><figcaption class=\"wp-element-caption\">Gebruiksruimte boven keuken (Maagdenhuisje)<\/figcaption><\/figure>\n\n\n\n<figure class=\"wp-block-image size-large\"><img loading=\"lazy\" decoding=\"async\" width=\"1024\" height=\"768\" data-id=\"1700\" src=\"https:\/\/de5patriciers.nl\/wp-content\/uploads\/2023\/05\/20230516_150845-1024x768.jpg\" alt=\"\" class=\"wp-image-1700\" srcset=\"https:\/\/de5patriciers.nl\/wp-content\/uploads\/2023\/05\/20230516_150845-1024x768.jpg 1024w, https:\/\/de5patriciers.nl\/wp-content\/uploads\/2023\/05\/20230516_150845-300x225.jpg 300w, https:\/\/de5patriciers.nl\/wp-content\/uploads\/2023\/05\/20230516_150845-768x576.jpg 768w, https:\/\/de5patriciers.nl\/wp-content\/uploads\/2023\/05\/20230516_150845-1536x1152.jpg 1536w, https:\/\/de5patriciers.nl\/wp-content\/uploads\/2023\/05\/20230516_150845-2048x1536.jpg 2048w\" sizes=\"auto, (max-width: 1024px) 100vw, 1024px\" \/><figcaption class=\"wp-element-caption\">Woonkamer<\/figcaption><\/figure>\n\n\n\n<figure class=\"wp-block-image size-large\"><img loading=\"lazy\" decoding=\"async\" width=\"1024\" height=\"724\" data-id=\"1250\" src=\"https:\/\/de5patriciers.nl\/wp-content\/uploads\/2022\/03\/zicht-op-tuin-A-1024x724.jpg\" alt=\"\" class=\"wp-image-1250\" srcset=\"https:\/\/de5patriciers.nl\/wp-content\/uploads\/2022\/03\/zicht-op-tuin-A-1024x724.jpg 1024w, https:\/\/de5patriciers.nl\/wp-content\/uploads\/2022\/03\/zicht-op-tuin-A-300x212.jpg 300w, https:\/\/de5patriciers.nl\/wp-content\/uploads\/2022\/03\/zicht-op-tuin-A-768x543.jpg 768w, https:\/\/de5patriciers.nl\/wp-content\/uploads\/2022\/03\/zicht-op-tuin-A.jpg 1244w\" sizes=\"auto, (max-width: 1024px) 100vw, 1024px\" \/><figcaption class=\"wp-element-caption\">Terras tuinzijde<\/figcaption><\/figure>\n\n\n\n<figure class=\"wp-block-image size-large\"><img loading=\"lazy\" decoding=\"async\" width=\"1024\" height=\"768\" data-id=\"1699\" src=\"https:\/\/de5patriciers.nl\/wp-content\/uploads\/2023\/05\/20230516_151129-1-1024x768.jpg\" alt=\"\" class=\"wp-image-1699\" srcset=\"https:\/\/de5patriciers.nl\/wp-content\/uploads\/2023\/05\/20230516_151129-1-1024x768.jpg 1024w, https:\/\/de5patriciers.nl\/wp-content\/uploads\/2023\/05\/20230516_151129-1-300x225.jpg 300w, https:\/\/de5patriciers.nl\/wp-content\/uploads\/2023\/05\/20230516_151129-1-768x576.jpg 768w, https:\/\/de5patriciers.nl\/wp-content\/uploads\/2023\/05\/20230516_151129-1-1536x1152.jpg 1536w, https:\/\/de5patriciers.nl\/wp-content\/uploads\/2023\/05\/20230516_151129-1-2048x1536.jpg 2048w\" sizes=\"auto, (max-width: 1024px) 100vw, 1024px\" \/><figcaption class=\"wp-element-caption\">Slaapkamer<\/figcaption><\/figure>\n\n\n\n<figure class=\"wp-block-image size-large\"><img loading=\"lazy\" decoding=\"async\" width=\"1024\" height=\"707\" data-id=\"1246\" src=\"https:\/\/de5patriciers.nl\/wp-content\/uploads\/2022\/03\/maagdenhuisje--1024x707.jpg\" alt=\"\" class=\"wp-image-1246\" srcset=\"https:\/\/de5patriciers.nl\/wp-content\/uploads\/2022\/03\/maagdenhuisje--1024x707.jpg 1024w, https:\/\/de5patriciers.nl\/wp-content\/uploads\/2022\/03\/maagdenhuisje--300x207.jpg 300w, https:\/\/de5patriciers.nl\/wp-content\/uploads\/2022\/03\/maagdenhuisje--768x531.jpg 768w, https:\/\/de5patriciers.nl\/wp-content\/uploads\/2022\/03\/maagdenhuisje-.jpg 1310w\" sizes=\"auto, (max-width: 1024px) 100vw, 1024px\" \/><figcaption class=\"wp-element-caption\">Keuken in Maagdenhuisje<\/figcaption><\/figure>\n\n\n\n<figure class=\"wp-block-image size-large\"><img loading=\"lazy\" decoding=\"async\" width=\"1024\" height=\"768\" data-id=\"1701\" src=\"https:\/\/de5patriciers.nl\/wp-content\/uploads\/2023\/05\/20230516_150907-1024x768.jpg\" alt=\"\" class=\"wp-image-1701\" srcset=\"https:\/\/de5patriciers.nl\/wp-content\/uploads\/2023\/05\/20230516_150907-1024x768.jpg 1024w, https:\/\/de5patriciers.nl\/wp-content\/uploads\/2023\/05\/20230516_150907-300x225.jpg 300w, https:\/\/de5patriciers.nl\/wp-content\/uploads\/2023\/05\/20230516_150907-768x576.jpg 768w, https:\/\/de5patriciers.nl\/wp-content\/uploads\/2023\/05\/20230516_150907-1536x1152.jpg 1536w, https:\/\/de5patriciers.nl\/wp-content\/uploads\/2023\/05\/20230516_150907-2048x1536.jpg 2048w\" sizes=\"auto, (max-width: 1024px) 100vw, 1024px\" \/><figcaption class=\"wp-element-caption\">Entreehal<\/figcaption><\/figure>\n\n\n\n<figure class=\"wp-block-image size-large\"><img loading=\"lazy\" decoding=\"async\" width=\"1024\" height=\"701\" data-id=\"1247\" src=\"https:\/\/de5patriciers.nl\/wp-content\/uploads\/2022\/03\/1e-verdiep-maagdenhuisje-foto-1024x701.jpg\" alt=\"\" class=\"wp-image-1247\" srcset=\"https:\/\/de5patriciers.nl\/wp-content\/uploads\/2022\/03\/1e-verdiep-maagdenhuisje-foto-1024x701.jpg 1024w, https:\/\/de5patriciers.nl\/wp-content\/uploads\/2022\/03\/1e-verdiep-maagdenhuisje-foto-300x205.jpg 300w, https:\/\/de5patriciers.nl\/wp-content\/uploads\/2022\/03\/1e-verdiep-maagdenhuisje-foto-768x526.jpg 768w, https:\/\/de5patriciers.nl\/wp-content\/uploads\/2022\/03\/1e-verdiep-maagdenhuisje-foto.jpg 1310w\" sizes=\"auto, (max-width: 1024px) 100vw, 1024px\" \/><figcaption class=\"wp-element-caption\">Gebruiksruimte boven keuken (Maagdenhuisje)<\/figcaption><\/figure>\n<\/figure>\n\n\n\n<figure class=\"wp-block-image size-large\"><img loading=\"lazy\" decoding=\"async\" width=\"1024\" height=\"768\" src=\"https:\/\/de5patriciers.nl\/wp-content\/uploads\/2023\/05\/20230516_151656-1-1024x768.jpg\" alt=\"\" class=\"wp-image-1697\" srcset=\"https:\/\/de5patriciers.nl\/wp-content\/uploads\/2023\/05\/20230516_151656-1-1024x768.jpg 1024w, https:\/\/de5patriciers.nl\/wp-content\/uploads\/2023\/05\/20230516_151656-1-300x225.jpg 300w, https:\/\/de5patriciers.nl\/wp-content\/uploads\/2023\/05\/20230516_151656-1-768x576.jpg 768w, https:\/\/de5patriciers.nl\/wp-content\/uploads\/2023\/05\/20230516_151656-1-1536x1152.jpg 1536w, https:\/\/de5patriciers.nl\/wp-content\/uploads\/2023\/05\/20230516_151656-1-2048x1536.jpg 2048w\" sizes=\"auto, (max-width: 1024px) 100vw, 1024px\" \/><figcaption class=\"wp-element-caption\">Begane grond met overdekt terras en Maagdenhuisje aan parkzijde &#8211; Ambtmantuin<\/figcaption><\/figure>\n\n\n\n<div class=\"wp-block-columns has-ast-global-color-0-background-color has-background is-layout-flex wp-container-core-columns-is-layout-28f84493 wp-block-columns-is-layout-flex\">\n<div class=\"wp-block-column is-layout-flow wp-block-column-is-layout-flow\" style=\"flex-basis:40%\">\n<div class=\"inherit-container-width wp-block-group is-layout-constrained wp-block-group-is-layout-constrained\"><div class=\"wp-block-group__inner-container\">\n<h2 class=\"wp-block-heading has-white-color has-text-color\">De 5 Patrici\u00ebrs<\/h2>\n\n\n\n<p class=\"has-white-color has-text-color has-medium-font-size\">Een unieke transformatie van het voormalige patrici\u00ebrshuis naar 5 zelfstandige wooneenheden.<\/p>\n\n\n\n<p class=\"has-ast-global-color-5-color has-text-color has-medium-font-size\">Naam contact op met<strong> <a rel=\"noreferrer noopener\" href=\"https:\/\/dolronrivierenland.nl\/\" target=\"_blank\">Dolron Rivierenland Makelaars<\/a><\/strong> voor een uitgebreide brochure of bezichtiging.<\/p>\n<\/div><\/div>\n<\/div>\n\n\n\n<div class=\"wp-block-column is-layout-flow wp-block-column-is-layout-flow\" style=\"flex-basis:66.66%\">\n<div class=\"inherit-container-width wp-block-group is-layout-constrained wp-block-group-is-layout-constrained\"><div class=\"wp-block-group__inner-container\">\n<h3 class=\"wp-block-heading has-white-color has-text-color\">Bekijk de unieke mogelijkheden <\/h3>\n\n\n\n<ul class=\"wp-block-list\">\n<li><a href=\"https:\/\/de5patriciers.nl\/index.php\/appartement-a\/\" data-type=\"page\" data-id=\"1241\">Appartement A<\/a> (verkocht onder voorbehoud)<\/li>\n\n\n\n<li><a href=\"https:\/\/de5patriciers.nl\/index.php\/appartement-b\/\" data-type=\"page\" data-id=\"1256\">Appartement B<\/a> (verkocht)<\/li>\n\n\n\n<li><a href=\"https:\/\/de5patriciers.nl\/index.php\/appartement-c\/\" data-type=\"page\" data-id=\"1265\">Appartement C<\/a> (verkocht)<\/li>\n\n\n\n<li><a href=\"https:\/\/de5patriciers.nl\/index.php\/appartement-d\/\" data-type=\"page\" data-id=\"1275\">Appartement D<\/a> (verkocht)<\/li>\n\n\n\n<li><a href=\"https:\/\/de5patriciers.nl\/index.php\/appartement-e-loft\/\" data-type=\"page\" data-id=\"1285\">Appartement E <\/a>&#8211; Loft (te koop)<\/li>\n<\/ul>\n\n\n\n<div class=\"wp-block-buttons is-layout-flex wp-block-buttons-is-layout-flex\"><\/div>\n<\/div><\/div>\n<\/div>\n<\/div>\n","protected":false},"excerpt":{"rendered":"<p>3 kamer appartement begane grond met aangesloten maisonnette, het voormalige &#8220;Maagdenhuisje&#8221; Koopprijs: \u20ac 569.000 k.k. Meerwerken reeds uitgevoerd:\u2022 Fineo vacu\u00fcmglas in de achtergevel (HR+++)\u2022 Vloerverwarming in woonkamer, slaapkamer en keuken\u2022 Plafond gefixeerd en hersteld\u2022 Hardstenen trap en spatrand bij keuken Prognose oplevering in mei 2023Uiteraard fijn om te weten wat u precies kunt verwachten. De [&hellip;]<\/p>\n","protected":false},"author":1,"featured_media":0,"parent":0,"menu_order":0,"comment_status":"closed","ping_status":"closed","template":"","meta":{"site-sidebar-layout":"default","site-content-layout":"","ast-site-content-layout":"default","site-content-style":"default","site-sidebar-style":"default","ast-global-header-display":"","ast-banner-title-visibility":"","ast-main-header-display":"","ast-hfb-above-header-display":"","ast-hfb-below-header-display":"","ast-hfb-mobile-header-display":"","site-post-title":"","ast-breadcrumbs-content":"","ast-featured-img":"","footer-sml-layout":"","ast-disable-related-posts":"","theme-transparent-header-meta":"","adv-header-id-meta":"","stick-header-meta":"","header-above-stick-meta":"","header-main-stick-meta":"","header-below-stick-meta":"","astra-migrate-meta-layouts":"set","ast-page-background-enabled":"default","ast-page-background-meta":{"desktop":{"background-color":"var(--ast-global-color-4)","background-image":"","background-repeat":"repeat","background-position":"center center","background-size":"auto","background-attachment":"scroll","background-type":"","background-media":"","overlay-type":"","overlay-color":"","overlay-opacity":"","overlay-gradient":""},"tablet":{"background-color":"","background-image":"","background-repeat":"repeat","background-position":"center center","background-size":"auto","background-attachment":"scroll","background-type":"","background-media":"","overlay-type":"","overlay-color":"","overlay-opacity":"","overlay-gradient":""},"mobile":{"background-color":"","background-image":"","background-repeat":"repeat","background-position":"center center","background-size":"auto","background-attachment":"scroll","background-type":"","background-media":"","overlay-type":"","overlay-color":"","overlay-opacity":"","overlay-gradient":""}},"ast-content-background-meta":{"desktop":{"background-color":"var(--ast-global-color-5)","background-image":"","background-repeat":"repeat","background-position":"center center","background-size":"auto","background-attachment":"scroll","background-type":"","background-media":"","overlay-type":"","overlay-color":"","overlay-opacity":"","overlay-gradient":""},"tablet":{"background-color":"var(--ast-global-color-5)","background-image":"","background-repeat":"repeat","background-position":"center center","background-size":"auto","background-attachment":"scroll","background-type":"","background-media":"","overlay-type":"","overlay-color":"","overlay-opacity":"","overlay-gradient":""},"mobile":{"background-color":"var(--ast-global-color-5)","background-image":"","background-repeat":"repeat","background-position":"center center","background-size":"auto","background-attachment":"scroll","background-type":"","background-media":"","overlay-type":"","overlay-color":"","overlay-opacity":"","overlay-gradient":""}},"footnotes":""},"class_list":["post-1241","page","type-page","status-publish","hentry"],"_links":{"self":[{"href":"https:\/\/de5patriciers.nl\/index.php\/wp-json\/wp\/v2\/pages\/1241","targetHints":{"allow":["GET"]}}],"collection":[{"href":"https:\/\/de5patriciers.nl\/index.php\/wp-json\/wp\/v2\/pages"}],"about":[{"href":"https:\/\/de5patriciers.nl\/index.php\/wp-json\/wp\/v2\/types\/page"}],"author":[{"embeddable":true,"href":"https:\/\/de5patriciers.nl\/index.php\/wp-json\/wp\/v2\/users\/1"}],"replies":[{"embeddable":true,"href":"https:\/\/de5patriciers.nl\/index.php\/wp-json\/wp\/v2\/comments?post=1241"}],"version-history":[{"count":25,"href":"https:\/\/de5patriciers.nl\/index.php\/wp-json\/wp\/v2\/pages\/1241\/revisions"}],"predecessor-version":[{"id":1798,"href":"https:\/\/de5patriciers.nl\/index.php\/wp-json\/wp\/v2\/pages\/1241\/revisions\/1798"}],"wp:attachment":[{"href":"https:\/\/de5patriciers.nl\/index.php\/wp-json\/wp\/v2\/media?parent=1241"}],"curies":[{"name":"wp","href":"https:\/\/api.w.org\/{rel}","templated":true}]}}